{"id":10,"date":"2023-09-13T20:59:44","date_gmt":"2023-09-13T18:59:44","guid":{"rendered":"https:\/\/aztecasight.com\/?page_id=10"},"modified":"2024-01-16T20:29:08","modified_gmt":"2024-01-16T19:29:08","slug":"nosotros","status":"publish","type":"page","link":"https:\/\/aztecasight.com\/?page_id=10","title":{"rendered":"Nosotros"},"content":{"rendered":"\t\t<div data-elementor-type=\"wp-page\" data-elementor-id=\"10\" class=\"elementor elementor-10\">\n\t\t\t\t<div class=\"elementor-element elementor-element-42de3c7 e-flex e-con-boxed e-con e-parent\" data-id=\"42de3c7\" data-element_type=\"container\">\n\t\t\t\t\t<div class=\"e-con-inner\">\n\t\t<div class=\"elementor-element elementor-element-cf0921b e-con-full e-flex e-con e-child\" data-id=\"cf0921b\" data-element_type=\"container\">\n\t\t\t\t<div class=\"elementor-element elementor-element-9193ac4 elementor-widget elementor-widget-image\" data-id=\"9193ac4\" data-element_type=\"widget\" data-widget_type=\"image.default\">\n\t\t\t\t<div class=\"elementor-widget-container\">\n\t\t\t<style>\/*! elementor - v3.23.0 - 05-08-2024 *\/\n.elementor-widget-image{text-align:center}.elementor-widget-image a{display:inline-block}.elementor-widget-image a img[src$=\".svg\"]{width:48px}.elementor-widget-image img{vertical-align:middle;display:inline-block}<\/style>\t\t\t\t\t\t\t\t\t\t<img fetchpriority=\"high\" decoding=\"async\" width=\"800\" height=\"800\" src=\"https:\/\/aztecasight.com\/wp-content\/uploads\/2024\/01\/LogoNuevoAztecaSightSinFondo800x800.png\" class=\"attachment-large size-large wp-image-857\" alt=\"\" srcset=\"https:\/\/aztecasight.com\/wp-content\/uploads\/2024\/01\/LogoNuevoAztecaSightSinFondo800x800.png 800w, https:\/\/aztecasight.com\/wp-content\/uploads\/2024\/01\/LogoNuevoAztecaSightSinFondo800x800-300x300.png 300w, https:\/\/aztecasight.com\/wp-content\/uploads\/2024\/01\/LogoNuevoAztecaSightSinFondo800x800-150x150.png 150w, https:\/\/aztecasight.com\/wp-content\/uploads\/2024\/01\/LogoNuevoAztecaSightSinFondo800x800-768x768.png 768w\" sizes=\"(max-width: 800px) 100vw, 800px\" \/>\t\t\t\t\t\t\t\t\t\t\t\t\t<\/div>\n\t\t\t\t<\/div>\n\t\t\t\t<\/div>\n\t\t<div class=\"elementor-element elementor-element-379b0d7 e-con-full e-flex e-con e-child\" data-id=\"379b0d7\" data-element_type=\"container\">\n\t\t\t\t<div class=\"elementor-element elementor-element-852d44b eael-dual-header-content-align-center elementor-widget elementor-widget-eael-dual-color-header\" data-id=\"852d44b\" data-element_type=\"widget\" data-widget_type=\"eael-dual-color-header.default\">\n\t\t\t\t<div class=\"elementor-widget-container\">\n\t\t\t\n\t\t        <div class=\"eael-dual-header\">\n\t\t\t\t<h2 class=\"title\">\n\t\t\t<span  class=\"lead solid-color\">Bienvenidos a<\/span>\n\t\t\t<span>AztecaSight<\/span>\n\t\t<\/h2>\n\t\t\t\t<span class=\"subtext\"><\/span>\n\t\t\t\t<\/div>\n\t\n\t\t\n\t\t\n\t\t\n\t\t\t\t<\/div>\n\t\t\t\t<\/div>\n\t\t\t\t<div class=\"elementor-element elementor-element-0ff5e88 elementor-widget elementor-widget-text-editor\" data-id=\"0ff5e88\" data-element_type=\"widget\" data-widget_type=\"text-editor.default\">\n\t\t\t\t<div class=\"elementor-widget-container\">\n\t\t\t<style>\/*! elementor - v3.23.0 - 05-08-2024 *\/\n.elementor-widget-text-editor.elementor-drop-cap-view-stacked .elementor-drop-cap{background-color:#69727d;color:#fff}.elementor-widget-text-editor.elementor-drop-cap-view-framed .elementor-drop-cap{color:#69727d;border:3px solid;background-color:transparent}.elementor-widget-text-editor:not(.elementor-drop-cap-view-default) .elementor-drop-cap{margin-top:8px}.elementor-widget-text-editor:not(.elementor-drop-cap-view-default) .elementor-drop-cap-letter{width:1em;height:1em}.elementor-widget-text-editor .elementor-drop-cap{float:left;text-align:center;line-height:1;font-size:50px}.elementor-widget-text-editor .elementor-drop-cap-letter{display:inline-block}<\/style>\t\t\t\t<p>Transformamos tus ideas en realidades publicitarias y fortalecemos la identidad de tu negocio. Los resultados tangibles que obtendras son:<\/p><ul><li>Aumento en la visibilidad de tu negocio.<\/li><li>Llegaras a tu p\u00fablico objetivo de una forma efectiva.<\/li><li>Elevaras el reconocimiento de tu marca.<\/li><\/ul><p>No vemos los anuncios exteriores como un gasto, sino como una inversi\u00f3n estrat\u00e9gica en tu \u00e9xito. \u00bfEstas listo para llevar a tu negocio al siguiente nivel?<\/p><p>De igual forma, si buscas que tu hogar represente tu identidad personal, te ayudamos a hacer piezas unicas que expresen lo que hay en tu coraz\u00f3n para que las personas de tu alrededor conozcan quien eres realmente, la innovaci\u00f3n en la decoraci\u00f3n puede ser una fuente constante de inspiraci\u00f3n, deja que tu hogar se convierta en una galeria personal donde puedes expresarte incluso sin palabras.<\/p>\t\t\t\t\t\t<\/div>\n\t\t\t\t<\/div>\n\t\t\t\t<\/div>\n\t\t\t\t\t<\/div>\n\t\t\t\t<\/div>\n\t\t<div class=\"elementor-element elementor-element-4920e6d e-flex e-con-boxed e-con e-parent\" data-id=\"4920e6d\" data-element_type=\"container\">\n\t\t\t\t\t<div class=\"e-con-inner\">\n\t\t<div class=\"elementor-element elementor-element-0aafe04 e-con-full e-flex e-con e-child\" data-id=\"0aafe04\" data-element_type=\"container\">\n\t\t\t\t<div class=\"elementor-element elementor-element-7f4bdfb elementor-widget__width-initial elementor-position-top elementor-widget elementor-widget-image-box\" data-id=\"7f4bdfb\" data-element_type=\"widget\" data-widget_type=\"image-box.default\">\n\t\t\t\t<div class=\"elementor-widget-container\">\n\t\t\t<style>\/*! elementor - v3.23.0 - 05-08-2024 *\/\n.elementor-widget-image-box .elementor-image-box-content{width:100%}@media (min-width:768px){.elementor-widget-image-box.elementor-position-left .elementor-image-box-wrapper,.elementor-widget-image-box.elementor-position-right .elementor-image-box-wrapper{display:flex}.elementor-widget-image-box.elementor-position-right .elementor-image-box-wrapper{text-align:end;flex-direction:row-reverse}.elementor-widget-image-box.elementor-position-left .elementor-image-box-wrapper{text-align:start;flex-direction:row}.elementor-widget-image-box.elementor-position-top .elementor-image-box-img{margin:auto}.elementor-widget-image-box.elementor-vertical-align-top .elementor-image-box-wrapper{align-items:flex-start}.elementor-widget-image-box.elementor-vertical-align-middle .elementor-image-box-wrapper{align-items:center}.elementor-widget-image-box.elementor-vertical-align-bottom .elementor-image-box-wrapper{align-items:flex-end}}@media (max-width:767px){.elementor-widget-image-box .elementor-image-box-img{margin-left:auto!important;margin-right:auto!important;margin-bottom:15px}}.elementor-widget-image-box .elementor-image-box-img{display:inline-block}.elementor-widget-image-box .elementor-image-box-title a{color:inherit}.elementor-widget-image-box .elementor-image-box-wrapper{text-align:center}.elementor-widget-image-box .elementor-image-box-description{margin:0}<\/style><div class=\"elementor-image-box-wrapper\"><figure class=\"elementor-image-box-img\"><img decoding=\"async\" width=\"800\" height=\"800\" src=\"https:\/\/aztecasight.com\/wp-content\/uploads\/2023\/10\/OjoAzulDeVision800x800-1.jpg\" class=\"attachment-full size-full wp-image-476\" alt=\"\" \/><\/figure><div class=\"elementor-image-box-content\"><h3 class=\"elementor-image-box-title\">Misi\u00f3n<\/h3><p class=\"elementor-image-box-description\">Convertirnos en tu primera opci\u00f3n al instante en el que decides darle vida a los anuncios de tu empresa o a las decoraciones de tu hogar de una forma original e innovadora, en AztecaSight nos adaptamos a tus necesidades personales para que dejes volar con nosotros tu imaginaci\u00f3n<\/p><\/div><\/div>\t\t<\/div>\n\t\t\t\t<\/div>\n\t\t\t\t<\/div>\n\t\t\t\t<div class=\"elementor-element elementor-element-3f567cd elementor-widget__width-initial elementor-position-top elementor-widget elementor-widget-image-box\" data-id=\"3f567cd\" data-element_type=\"widget\" data-widget_type=\"image-box.default\">\n\t\t\t\t<div class=\"elementor-widget-container\">\n\t\t\t<div class=\"elementor-image-box-wrapper\"><figure class=\"elementor-image-box-img\"><img decoding=\"async\" width=\"800\" height=\"800\" src=\"https:\/\/aztecasight.com\/wp-content\/uploads\/2023\/10\/FlechaDeMision800x800.jpg\" class=\"attachment-full size-full wp-image-477\" alt=\"\" \/><\/figure><div class=\"elementor-image-box-content\"><h3 class=\"elementor-image-box-title\">Visi\u00f3n<\/h3><p class=\"elementor-image-box-description\">Buscamos ser la referencia en M\u00e9xico para crear anuncios innovadores y emocionantes que conecten con la audiencia y dejen una impresi\u00f3n duradera en la mente y el coraz\u00f3n de las personas.<\/p><\/div><\/div>\t\t<\/div>\n\t\t\t\t<\/div>\n\t\t\t\t<div class=\"elementor-element elementor-element-24b4cbd elementor-position-top elementor-widget elementor-widget-image-box\" data-id=\"24b4cbd\" data-element_type=\"widget\" data-widget_type=\"image-box.default\">\n\t\t\t\t<div class=\"elementor-widget-container\">\n\t\t\t<div class=\"elementor-image-box-wrapper\"><figure class=\"elementor-image-box-img\"><img loading=\"lazy\" decoding=\"async\" width=\"800\" height=\"800\" src=\"https:\/\/aztecasight.com\/wp-content\/uploads\/2023\/10\/ManosConDiamanteDeValores800x800.jpg\" class=\"attachment-full size-full wp-image-491\" alt=\"\" \/><\/figure><div class=\"elementor-image-box-content\"><h3 class=\"elementor-image-box-title\">Valores<\/h3><p class=\"elementor-image-box-description\">Nuestra empresa se basa en tres valores esenciales. Valoramos la creatividad e innovaci\u00f3n, siempre buscando ideas innovadoras para crear anuncios \u00fanicos. Adem\u00e1s, nos comprometemos con la calidad y la sostenibilidad, ofreciendo anuncios de alta calidad y priorizando la sostenibilidad ambiental. Tambi\u00e9n valoramos la sostenibilidad transparencia<\/p><\/div><\/div>\t\t<\/div>\n\t\t\t\t<\/div>\n\t\t\t\t\t<\/div>\n\t\t\t\t<\/div>\n\t\t\t\t<\/div>\n\t\t","protected":false},"excerpt":{"rendered":"<p>Bienvenidos a AztecaSight Transformamos tus ideas en realidades publicitarias y fortalecemos la identidad de tu negocio. Los resultados tangibles que obtendras son: Aumento en la visibilidad de tu negocio. Llegaras a tu p\u00fablico objetivo de una forma efectiva. Elevaras el reconocimiento de tu marca. No vemos los anuncios exteriores como un gasto, sino como una [&hellip;]<\/p>\n","protected":false},"author":1,"featured_media":0,"parent":0,"menu_order":0,"comment_status":"closed","ping_status":"closed","template":"","meta":{"_uag_custom_page_level_css":"","site-sidebar-layout":"no-sidebar","site-content-layout":"","ast-site-content-layout":"full-width-container","site-content-style":"default","site-sidebar-style":"default","ast-global-header-display":"","ast-banner-title-visibility":"","ast-main-header-display":"","ast-hfb-above-header-display":"","ast-hfb-below-header-display":"","ast-hfb-mobile-header-display":"","site-post-title":"disabled","ast-breadcrumbs-content":"","ast-featured-img":"disabled","footer-sml-layout":"","theme-transparent-header-meta":"","adv-header-id-meta":"","stick-header-meta":"","header-above-stick-meta":"","header-main-stick-meta":"","header-below-stick-meta":"","astra-migrate-meta-layouts":"","ast-page-background-enabled":"default","ast-page-background-meta":{"desktop":{"background-color":"var(--ast-global-color-4)","background-image":"","background-repeat":"repeat","background-position":"center center","background-size":"auto","background-attachment":"scroll","background-type":"","background-media":"","overlay-type":"","overlay-color":"","overlay-opacity":"","overlay-gradient":""},"tablet":{"background-color":"","background-image":"","background-repeat":"repeat","background-position":"center center","background-size":"auto","background-attachment":"scroll","background-type":"","background-media":"","overlay-type":"","overlay-color":"","overlay-opacity":"","overlay-gradient":""},"mobile":{"background-color":"","background-image":"","background-repeat":"repeat","background-position":"center center","background-size":"auto","background-attachment":"scroll","background-type":"","background-media":"","overlay-type":"","overlay-color":"","overlay-opacity":"","overlay-gradient":""}},"ast-content-background-meta":{"desktop":{"background-color":"var(--ast-global-color-5)","background-image":"","background-repeat":"repeat","background-position":"center center","background-size":"auto","background-attachment":"scroll","background-type":"","background-media":"","overlay-type":"","overlay-color":"","overlay-opacity":"","overlay-gradient":""},"tablet":{"background-color":"var(--ast-global-color-5)","background-image":"","background-repeat":"repeat","background-position":"center center","background-size":"auto","background-attachment":"scroll","background-type":"","background-media":"","overlay-type":"","overlay-color":"","overlay-opacity":"","overlay-gradient":""},"mobile":{"background-color":"var(--ast-global-color-5)","background-image":"","background-repeat":"repeat","background-position":"center center","background-size":"auto","background-attachment":"scroll","background-type":"","background-media":"","overlay-type":"","overlay-color":"","overlay-opacity":"","overlay-gradient":""}},"footnotes":""},"class_list":["post-10","page","type-page","status-publish","hentry"],"uagb_featured_image_src":{"full":false,"thumbnail":false,"medium":false,"medium_large":false,"large":false,"1536x1536":false,"2048x2048":false},"uagb_author_info":{"display_name":"Marce","author_link":"https:\/\/aztecasight.com\/?author=1"},"uagb_comment_info":0,"uagb_excerpt":"Bienvenidos a AztecaSight Transformamos tus ideas en realidades publicitarias y fortalecemos la identidad de tu negocio. Los resultados tangibles que obtendras son: Aumento en la visibilidad de tu negocio. Llegaras a tu p\u00fablico objetivo de una forma efectiva. Elevaras el reconocimiento de tu marca. No vemos los anuncios exteriores como un gasto, sino como una&hellip;","_links":{"self":[{"href":"https:\/\/aztecasight.com\/index.php?rest_route=\/wp\/v2\/pages\/10","targetHints":{"allow":["GET"]}}],"collection":[{"href":"https:\/\/aztecasight.com\/index.php?rest_route=\/wp\/v2\/pages"}],"about":[{"href":"https:\/\/aztecasight.com\/index.php?rest_route=\/wp\/v2\/types\/page"}],"author":[{"embeddable":true,"href":"https:\/\/aztecasight.com\/index.php?rest_route=\/wp\/v2\/users\/1"}],"replies":[{"embeddable":true,"href":"https:\/\/aztecasight.com\/index.php?rest_route=%2Fwp%2Fv2%2Fcomments&post=10"}],"version-history":[{"count":45,"href":"https:\/\/aztecasight.com\/index.php?rest_route=\/wp\/v2\/pages\/10\/revisions"}],"predecessor-version":[{"id":860,"href":"https:\/\/aztecasight.com\/index.php?rest_route=\/wp\/v2\/pages\/10\/revisions\/860"}],"wp:attachment":[{"href":"https:\/\/aztecasight.com\/index.php?rest_route=%2Fwp%2Fv2%2Fmedia&parent=10"}],"curies":[{"name":"wp","href":"https:\/\/api.w.org\/{rel}","templated":true}]}}